{"id":10,"date":"2025-02-06T09:08:49","date_gmt":"2025-02-06T08:08:49","guid":{"rendered":"http:\/\/www.jirislischka.cz\/?page_id=10"},"modified":"2025-02-06T09:09:18","modified_gmt":"2025-02-06T08:09:18","slug":"nastenka","status":"publish","type":"page","link":"https:\/\/www.jirislischka.cz\/?page_id=10","title":{"rendered":"N\u00e1st\u011bnka"},"content":{"rendered":"\n<p>Ahoj, v\u00edt\u00e1m t\u011b v \u010dlensk\u00e9 sekci. Vyber si kurz a za\u010dn\u00ed konzumovat obsah.<\/p>\n\n\n\n<div class=\"wp-block-columns is-layout-flex wp-container-core-columns-is-layout-28f84493 wp-block-columns-is-layout-flex\">\n\n\n<div class=\"wp-block-column is-layout-flow wp-block-column-is-layout-flow\">\n<h2 class=\"wp-block-heading\">Kurz 2<\/h2>\n\n\n\n<div class=\"wp-block-buttons is-layout-flex wp-block-buttons-is-layout-flex\">\n<div class=\"wp-block-button\"><a class=\"wp-block-button__link wp-element-button\">Vstoupit do kurzu 2<\/a><\/div>\n<\/div>\n<\/div>\n<\/div>\n\n\n\n<p><\/p>\n","protected":false},"excerpt":{"rendered":"<p>Ahoj, v\u00edt\u00e1m t\u011b v \u010dlensk\u00e9 sekci. Vyber si kurz a za\u010dn\u00ed konzumovat obsah. Kurz 1 Kurz 2<\/p>\n","protected":false},"author":1,"featured_media":0,"parent":0,"menu_order":0,"comment_status":"closed","ping_status":"closed","template":"","meta":{"footnotes":""},"class_list":["post-10","page","type-page","status-publish","hentry"],"_links":{"self":[{"href":"https:\/\/www.jirislischka.cz\/index.php?rest_route=\/wp\/v2\/pages\/10","targetHints":{"allow":["GET"]}}],"collection":[{"href":"https:\/\/www.jirislischka.cz\/index.php?rest_route=\/wp\/v2\/pages"}],"about":[{"href":"https:\/\/www.jirislischka.cz\/index.php?rest_route=\/wp\/v2\/types\/page"}],"author":[{"embeddable":true,"href":"https:\/\/www.jirislischka.cz\/index.php?rest_route=\/wp\/v2\/users\/1"}],"replies":[{"embeddable":true,"href":"https:\/\/www.jirislischka.cz\/index.php?rest_route=%2Fwp%2Fv2%2Fcomments&post=10"}],"version-history":[{"count":1,"href":"https:\/\/www.jirislischka.cz\/index.php?rest_route=\/wp\/v2\/pages\/10\/revisions"}],"predecessor-version":[{"id":11,"href":"https:\/\/www.jirislischka.cz\/index.php?rest_route=\/wp\/v2\/pages\/10\/revisions\/11"}],"wp:attachment":[{"href":"https:\/\/www.jirislischka.cz\/index.php?rest_route=%2Fwp%2Fv2%2Fmedia&parent=10"}],"curies":[{"name":"wp","href":"https:\/\/api.w.org\/{rel}","templated":true}]}}