{"id":6,"date":"2025-02-06T09:03:55","date_gmt":"2025-02-06T08:03:55","guid":{"rendered":"http:\/\/www.jirislischka.cz\/?page_id=6"},"modified":"2025-02-06T09:03:55","modified_gmt":"2025-02-06T08:03:55","slug":"prihlaseni-do-clenske-sekce","status":"publish","type":"page","link":"https:\/\/www.jirislischka.cz\/?page_id=6","title":{"rendered":"P\u0159ihl\u00e1\u0161en\u00ed do \u010dlensk\u00e9 sekce"},"content":{"rendered":"\n\t\t\t<div class=\"fapiShortcodeLoginForm\">\n\t\t\t\t<form method=\"post\" action=\"https:\/\/www.jirislischka.cz\/wp-login.php\">\n\t\t\t\t\t<div class=\"f-m-row\">\n\t\t\t\t\t\t<label for=\"log\">P\u0159ihla\u0161ovac\u00ed jm\u00e9no<\/label>\n\t\t\t\t\t\t<input type=\"text\" name=\"log\" id=\"user_login\" value=\"\" size=\"20\">\n\t\t\t\t\t<\/div>\n\t\t\t\t\t<div class=\"f-m-row\">\n\t\t\t\t\t\t<label for=\"pwd\">Heslo<\/label>\n\t\t\t\t\t\t<input type=\"password\" name=\"pwd\" id=\"user_pass\" value=\"\" size=\"20\">\n\t\t\t\t\t<\/div>\n\t\t\t\t\t<div class=\"f-m-row\">\n\t\t\t\t\t<a href=\"https:\/\/www.jirislischka.cz\/wp-login.php?action=lostpassword\">Zapomn\u011bli jste heslo?<\/a>\n\t\t\t\t\t<\/div>\n\t\t\t\t\t<div class=\"f-m-row controls\">\n\t\t\t\t\t\t<input type=\"submit\" class=\"primary\" value=\"P\u0159ihl\u00e1sit se\">\n\t\t\t\t\t<\/div>\n\t\t\t\t<\/form>\n\t\t\t<\/div>     \n    \t\n","protected":false},"excerpt":{"rendered":"","protected":false},"author":1,"featured_media":0,"parent":0,"menu_order":0,"comment_status":"closed","ping_status":"closed","template":"","meta":{"footnotes":""},"class_list":["post-6","page","type-page","status-publish","hentry"],"_links":{"self":[{"href":"https:\/\/www.jirislischka.cz\/index.php?rest_route=\/wp\/v2\/pages\/6","targetHints":{"allow":["GET"]}}],"collection":[{"href":"https:\/\/www.jirislischka.cz\/index.php?rest_route=\/wp\/v2\/pages"}],"about":[{"href":"https:\/\/www.jirislischka.cz\/index.php?rest_route=\/wp\/v2\/types\/page"}],"author":[{"embeddable":true,"href":"https:\/\/www.jirislischka.cz\/index.php?rest_route=\/wp\/v2\/users\/1"}],"replies":[{"embeddable":true,"href":"https:\/\/www.jirislischka.cz\/index.php?rest_route=%2Fwp%2Fv2%2Fcomments&post=6"}],"version-history":[{"count":1,"href":"https:\/\/www.jirislischka.cz\/index.php?rest_route=\/wp\/v2\/pages\/6\/revisions"}],"predecessor-version":[{"id":9,"href":"https:\/\/www.jirislischka.cz\/index.php?rest_route=\/wp\/v2\/pages\/6\/revisions\/9"}],"wp:attachment":[{"href":"https:\/\/www.jirislischka.cz\/index.php?rest_route=%2Fwp%2Fv2%2Fmedia&parent=6"}],"curies":[{"name":"wp","href":"https:\/\/api.w.org\/{rel}","templated":true}]}}